{"id":10240,"date":"2017-06-13T08:22:11","date_gmt":"2017-06-13T08:22:11","guid":{"rendered":"http:\/\/shoreprotec.com\/?page_id=10240"},"modified":"2017-11-08T11:47:16","modified_gmt":"2017-11-08T11:47:16","slug":"sobre-nos","status":"publish","type":"page","link":"https:\/\/shoreprotec.com\/index.php\/pt\/sobre-nos\/","title":{"rendered":"SOBRE N\u00d3S"},"content":{"rendered":"<p>[vc_row full_width=&#8221;stretch_row_content_no_spaces&#8221; css=&#8221;.vc_custom_1510141630284{background-image: url(https:\/\/shoreprotec.com\/wp-content\/uploads\/2017\/03\/about-banner.jpg?id=10045) !important;}&#8221;][vc_column][vc_empty_space height=&#8221;70px&#8221;][vc_custom_heading text=&#8221;SOBRE N\u00d3S &#8221; font_container=&#8221;tag:h2|text_align:left|color:%23ffffff&#8221; google_fonts=&#8221;font_family:Roboto%20Slab%3A100%2C300%2Cregular%2C700|font_style:400%20regular%3A400%3Anormal&#8221; css=&#8221;.vc_custom_1497345108114{padding-top: 40px !important;padding-bottom: 30px !important;}&#8221; el_class=&#8221;titulomargem&#8221;][\/vc_column][\/vc_row][vc_row][vc_column][vc_empty_space height=&#8221;40px&#8221;][vc_custom_heading text=&#8221;SHOREPROTEC\u00ae&#8221; font_container=&#8221;tag:h5|font_size:25px|text_align:left|color:%233d3a3a|line_height:1.875rem&#8221; google_fonts=&#8221;font_family:Roboto%20Slab%3A100%2C300%2Cregular%2C700|font_style:400%20regular%3A400%3Anormal&#8221;][\/vc_column][\/vc_row][vc_row content_placement=&#8221;middle&#8221; css=&#8221;.vc_custom_1493829686140{margin-bottom: 40px !important;}&#8221;][vc_column width=&#8221;1\/2&#8243;][vc_empty_space height=&#8221;10px&#8221;][vc_separator color=&#8221;custom&#8221; align=&#8221;align_left&#8221; el_width=&#8221;10&#8243; accent_color=&#8221;#0a839c&#8221;][vc_empty_space height=&#8221;20px&#8221;][vc_column_text]Tecnologia desenvolvida e produzida pela <strong>SICORNETE<\/strong>, empresa do Grupo <strong>Sicor<\/strong>, em estreita colabora\u00e7\u00e3o com institutos de pesquisa de renome.<\/p>\n<p>O produto mostra propriedades mec\u00e2nicas e f\u00edsicas que o colocam entre os melhores do melhor:[\/vc_column_text][vc_empty_space height=&#8221;30px&#8221;][vc_message message_box_color=&#8221;grey&#8221; icon_fontawesome=&#8221;fa fa-check&#8221;]Resist\u00eancia \u00e0 tra\u00e7\u00e3o superior a 350 kN \/ m[\/vc_message][vc_message message_box_color=&#8221;grey&#8221; icon_fontawesome=&#8221;fa fa-check&#8221;]Alta resist\u00eancia qu\u00edmica a subst\u00e2ncias \u00e1cidas e alcalinas[\/vc_message][vc_message message_box_color=&#8221;grey&#8221; icon_fontawesome=&#8221;fa fa-check&#8221;]Alta resist\u00eancia mec\u00e2nica e flexibilidade devido a conjuga\u00e7\u00e3o de diferentes pol\u00edmeros[\/vc_message][vc_message message_box_color=&#8221;grey&#8221; icon_fontawesome=&#8221;fa fa-check&#8221;]Montagem modular[\/vc_message][vc_message message_box_color=&#8221;grey&#8221; icon_fontawesome=&#8221;fa fa-check&#8221;]Solu\u00e7\u00f5es adapt\u00e1veis de acordo com as especifica\u00e7\u00f5es de cada projeto[\/vc_message][\/vc_column][vc_column width=&#8221;1\/2&#8243;][vc_empty_space height=&#8221;5px&#8221;][vc_single_image image=&#8221;10199&#8243; img_size=&#8221;full&#8221; alignment=&#8221;center&#8221;][\/vc_column][\/vc_row]<\/p>\n","protected":false},"excerpt":{"rendered":"<p>[vc_row full_width=&#8221;stretch_row_content_no_spaces&#8221; css=&#8221;.vc_custom_1510141630284{background-image: url(https:\/\/shoreprotec.com\/wp-content\/uploads\/2017\/03\/about-banner.jpg?id=10045) !important;}&#8221;][vc_column][vc_empty_space height=&#8221;70px&#8221;][vc_custom_heading text=&#8221;SOBRE N\u00d3S &#8221; font_container=&#8221;tag:h2|text_align:left|color:%23ffffff&#8221; google_fonts=&#8221;font_family:Roboto%20Slab%3A100%2C300%2Cregular%2C700|font_style:400%20regular%3A400%3Anormal&#8221; css=&#8221;.vc_custom_1497345108114{padding-top: 40px !important;padding-bottom: 30px !important;}&#8221; el_class=&#8221;titulomargem&#8221;][\/vc_column][\/vc_row][vc_row][vc_column][vc_empty_space height=&#8221;40px&#8221;][vc_custom_heading text=&#8221;SHOREPROTEC\u00ae&#8221; font_container=&#8221;tag:h5|font_size:25px|text_align:left|color:%233d3a3a|line_height:1.875rem&#8221; google_fonts=&#8221;font_family:Roboto%20Slab%3A100%2C300%2Cregular%2C700|font_style:400%20regular%3A400%3Anormal&#8221;][\/vc_column][\/vc_row][vc_row content_placement=&#8221;middle&#8221; css=&#8221;.vc_custom_1493829686140{margin-bottom: 40px !important;}&#8221;][vc_column width=&#8221;1\/2&#8243;][vc_empty_space height=&#8221;10px&#8221;][vc_separator color=&#8221;custom&#8221; align=&#8221;align_left&#8221; el_width=&#8221;10&#8243;&hellip;<\/p>\n","protected":false},"author":599394,"featured_media":0,"parent":0,"menu_order":0,"comment_status":"closed","ping_status":"closed","template":"","meta":{"footnotes":""},"class_list":["post-10240","page","type-page","status-publish","hentry"],"_links":{"self":[{"href":"https:\/\/shoreprotec.com\/index.php\/wp-json\/wp\/v2\/pages\/10240","targetHints":{"allow":["GET"]}}],"collection":[{"href":"https:\/\/shoreprotec.com\/index.php\/wp-json\/wp\/v2\/pages"}],"about":[{"href":"https:\/\/shoreprotec.com\/index.php\/wp-json\/wp\/v2\/types\/page"}],"author":[{"embeddable":true,"href":"https:\/\/shoreprotec.com\/index.php\/wp-json\/wp\/v2\/users\/599394"}],"replies":[{"embeddable":true,"href":"https:\/\/shoreprotec.com\/index.php\/wp-json\/wp\/v2\/comments?post=10240"}],"version-history":[{"count":5,"href":"https:\/\/shoreprotec.com\/index.php\/wp-json\/wp\/v2\/pages\/10240\/revisions"}],"predecessor-version":[{"id":10338,"href":"https:\/\/shoreprotec.com\/index.php\/wp-json\/wp\/v2\/pages\/10240\/revisions\/10338"}],"wp:attachment":[{"href":"https:\/\/shoreprotec.com\/index.php\/wp-json\/wp\/v2\/media?parent=10240"}],"curies":[{"name":"wp","href":"https:\/\/api.w.org\/{rel}","templated":true}]}}