{"id":10257,"date":"2017-06-13T09:02:38","date_gmt":"2017-06-13T09:02:38","guid":{"rendered":"http:\/\/shoreprotec.com\/?page_id=10257"},"modified":"2017-11-08T11:48:08","modified_gmt":"2017-11-08T11:48:08","slug":"produto-processos","status":"publish","type":"page","link":"https:\/\/shoreprotec.com\/index.php\/pt\/produto-processos\/","title":{"rendered":"PRODUTO &#038; PROCESSOS"},"content":{"rendered":"<p>[vc_row full_width=&#8221;stretch_row_content_no_spaces&#8221; css=&#8221;.vc_custom_1510141671874{background-image: url(https:\/\/shoreprotec.com\/wp-content\/uploads\/2017\/03\/process-bann-top.jpg?id=10047) !important;background-position: center !important;background-repeat: no-repeat !important;background-size: cover !important;}&#8221;][vc_column][vc_empty_space height=&#8221;70px&#8221;][vc_custom_heading text=&#8221;PRODUTO &amp; PROCESSOS&#8221; font_container=&#8221;tag:h2|text_align:left|color:%23ffffff&#8221; google_fonts=&#8221;font_family:Roboto%20Slab%3A100%2C300%2Cregular%2C700|font_style:400%20regular%3A400%3Anormal&#8221; css=&#8221;.vc_custom_1497953894411{padding-top: 40px !important;padding-bottom: 30px !important;}&#8221; el_class=&#8221;titulomargem&#8221;][\/vc_column][\/vc_row][vc_row content_placement=&#8221;middle&#8221; css=&#8221;.vc_custom_1488903261612{margin-top: 40px !important;margin-bottom: 40px !important;}&#8221;][vc_column width=&#8221;1\/2&#8243;][vc_empty_space height=&#8221;80px&#8221;][vc_column_text]<\/p>\n<div class=\"contem\"><iframe loading=\"lazy\" class=\"videoyou\" src=\"https:\/\/www.youtube.com\/embed\/IlQ3krx--sU?autoplay=1&amp;rel=0&amp;showinfo=0\" width=\"300\" height=\"150\" frameborder=\"0\" allowfullscreen=\"allowfullscreen\"><\/iframe><\/div>\n<p>[\/vc_column_text][vc_empty_space height=&#8221;25px&#8221;][\/vc_column][vc_column width=&#8221;1\/2&#8243;][vc_custom_heading text=&#8221;Montagem&#8221; font_container=&#8221;tag:h5|font_size:25px|text_align:left|color:%233d3a3a|line_height:1.875rem&#8221; google_fonts=&#8221;font_family:Roboto%20Slab%3A100%2C300%2Cregular%2C700|font_style:400%20regular%3A400%3Anormal&#8221;][vc_empty_space height=&#8221;10px&#8221;][vc_separator color=&#8221;custom&#8221; align=&#8221;align_left&#8221; el_width=&#8221;10&#8243; accent_color=&#8221;#0a839c&#8221;][vc_empty_space height=&#8221;30px&#8221;][vc_message message_box_color=&#8221;grey&#8221; icon_fontawesome=&#8221;fa fa-check&#8221;]Abordagem modular.[\/vc_message][vc_message message_box_color=&#8221;grey&#8221; icon_fontawesome=&#8221;fa fa-check&#8221;]Enchimento hidr\u00e1ulico do cilindro com material dispon\u00edvel na \u00e1rea.[\/vc_message][vc_message message_box_color=&#8221;grey&#8221; icon_fontawesome=&#8221;fa fa-check&#8221;]Enchimento r\u00e1pido.[\/vc_message][vc_message message_box_color=&#8221;grey&#8221; icon_fontawesome=&#8221;fa fa-check&#8221;]Baixa necessidade de equipamento (m\u00e1quina de escava\u00e7\u00e3o e bomba hidr\u00e1ulica).[\/vc_message][vc_message message_box_color=&#8221;grey&#8221; icon_fontawesome=&#8221;fa fa-check&#8221;]Constru\u00e7\u00e3o com fios tran\u00e7ados que melhora as propriedades mec\u00e2nicas do geocilindro.[\/vc_message][\/vc_column][\/vc_row][vc_row css=&#8221;.vc_custom_1492513303417{margin-top: 20px !important;margin-bottom: 20px !important;}&#8221;][vc_column][vc_column_text]<\/p>\n<h3 style=\"text-align: center; text-transform: uppercase;\"><i class=\"fa fa-check-square-o\"><\/i> Melhor entre os melhores em resist\u00eancia \u00e0 tra\u00e7\u00e3o.<\/h3>\n<p>[\/vc_column_text][\/vc_column][\/vc_row][vc_row css=&#8221;.vc_custom_1491489056050{margin-top: 60px !important;margin-bottom: 60px !important;}&#8221;][vc_column width=&#8221;1\/4&#8243; el_class=&#8221;fundoseta&#8221;][vc_single_image image=&#8221;10204&#8243; img_size=&#8221;full&#8221; alignment=&#8221;center&#8221;][vc_empty_space height=&#8221;15px&#8221;][vc_custom_heading text=&#8221;Pol\u00edmero&#8221; font_container=&#8221;tag:h5|font_size:20px|text_align:center|color:%233d3a3a|line_height:1.875rem&#8221; google_fonts=&#8221;font_family:Roboto%20Slab%3A100%2C300%2Cregular%2C700|font_style:400%20regular%3A400%3Anormal&#8221;][vc_empty_space height=&#8221;25px&#8221;][\/vc_column][vc_column width=&#8221;1\/4&#8243; el_class=&#8221;fundoseta&#8221;][vc_single_image image=&#8221;9657&#8243; img_size=&#8221;full&#8221; alignment=&#8221;center&#8221;][vc_empty_space height=&#8221;15px&#8221;][vc_custom_heading text=&#8221;Fibra&#8221; font_container=&#8221;tag:h5|font_size:20px|text_align:center|color:%233d3a3a|line_height:1.875rem&#8221; google_fonts=&#8221;font_family:Roboto%20Slab%3A100%2C300%2Cregular%2C700|font_style:400%20regular%3A400%3Anormal&#8221;][vc_empty_space height=&#8221;25px&#8221;][\/vc_column][vc_column width=&#8221;1\/4&#8243; el_class=&#8221;fundoseta&#8221;][vc_single_image image=&#8221;9658&#8243; img_size=&#8221;full&#8221; alignment=&#8221;center&#8221;][vc_empty_space height=&#8221;15px&#8221;][vc_custom_heading text=&#8221;Fio torcido e entran\u00e7ado&#8221; font_container=&#8221;tag:h5|font_size:20px|text_align:center|color:%233d3a3a|line_height:1.875rem&#8221; google_fonts=&#8221;font_family:Roboto%20Slab%3A100%2C300%2Cregular%2C700|font_style:400%20regular%3A400%3Anormal&#8221;][vc_empty_space height=&#8221;25px&#8221;][\/vc_column][vc_column width=&#8221;1\/4&#8243;][vc_single_image image=&#8221;9659&#8243; img_size=&#8221;full&#8221; alignment=&#8221;center&#8221;][vc_empty_space height=&#8221;15px&#8221;][vc_custom_heading text=&#8221;Tecido geot\u00eaxtil&#8221; font_container=&#8221;tag:h5|font_size:20px|text_align:center|color:%233d3a3a|line_height:1.875rem&#8221; google_fonts=&#8221;font_family:Roboto%20Slab%3A100%2C300%2Cregular%2C700|font_style:400%20regular%3A400%3Anormal&#8221;][\/vc_column][\/vc_row][vc_row][vc_column][vc_btn title=&#8221;Solicitar mais informa\u00e7\u00f5es&#8221; style=&#8221;custom&#8221; custom_background=&#8221;#0a839c&#8221; custom_text=&#8221;#ffffff&#8221; size=&#8221;sm&#8221; align=&#8221;center&#8221; custom_onclick=&#8221;true&#8221; css=&#8221;.vc_custom_1510141688290{margin-top: 40px !important;margin-bottom: 40px !important;}&#8221; link=&#8221;url:https%3A%2F%2Fshoreprotec.com%2Findex.php%2Fpt%2Fcontactos%2F|||&#8221;][\/vc_column][\/vc_row]<\/p>\n","protected":false},"excerpt":{"rendered":"<p>[vc_row full_width=&#8221;stretch_row_content_no_spaces&#8221; css=&#8221;.vc_custom_1510141671874{background-image: url(https:\/\/shoreprotec.com\/wp-content\/uploads\/2017\/03\/process-bann-top.jpg?id=10047) !important;background-position: center !important;background-repeat: no-repeat !important;background-size: cover !important;}&#8221;][vc_column][vc_empty_space height=&#8221;70px&#8221;][vc_custom_heading text=&#8221;PRODUTO &amp; PROCESSOS&#8221; font_container=&#8221;tag:h2|text_align:left|color:%23ffffff&#8221; google_fonts=&#8221;font_family:Roboto%20Slab%3A100%2C300%2Cregular%2C700|font_style:400%20regular%3A400%3Anormal&#8221; css=&#8221;.vc_custom_1497953894411{padding-top: 40px !important;padding-bottom: 30px !important;}&#8221; el_class=&#8221;titulomargem&#8221;][\/vc_column][\/vc_row][vc_row content_placement=&#8221;middle&#8221; css=&#8221;.vc_custom_1488903261612{margin-top: 40px !important;margin-bottom: 40px !important;}&#8221;][vc_column width=&#8221;1\/2&#8243;][vc_empty_space&hellip;<\/p>\n","protected":false},"author":22,"featured_media":0,"parent":0,"menu_order":0,"comment_status":"closed","ping_status":"closed","template":"","meta":{"footnotes":""},"class_list":["post-10257","page","type-page","status-publish","hentry"],"_links":{"self":[{"href":"https:\/\/shoreprotec.com\/index.php\/wp-json\/wp\/v2\/pages\/10257","targetHints":{"allow":["GET"]}}],"collection":[{"href":"https:\/\/shoreprotec.com\/index.php\/wp-json\/wp\/v2\/pages"}],"about":[{"href":"https:\/\/shoreprotec.com\/index.php\/wp-json\/wp\/v2\/types\/page"}],"author":[{"embeddable":true,"href":"https:\/\/shoreprotec.com\/index.php\/wp-json\/wp\/v2\/users\/22"}],"replies":[{"embeddable":true,"href":"https:\/\/shoreprotec.com\/index.php\/wp-json\/wp\/v2\/comments?post=10257"}],"version-history":[{"count":5,"href":"https:\/\/shoreprotec.com\/index.php\/wp-json\/wp\/v2\/pages\/10257\/revisions"}],"predecessor-version":[{"id":10339,"href":"https:\/\/shoreprotec.com\/index.php\/wp-json\/wp\/v2\/pages\/10257\/revisions\/10339"}],"wp:attachment":[{"href":"https:\/\/shoreprotec.com\/index.php\/wp-json\/wp\/v2\/media?parent=10257"}],"curies":[{"name":"wp","href":"https:\/\/api.w.org\/{rel}","templated":true}]}}